{"id":41978,"date":"2024-12-02T14:12:36","date_gmt":"2024-12-02T14:12:36","guid":{"rendered":"https:\/\/hautnah-vital.com\/?post_type=product&#038;p=41978"},"modified":"2025-10-03T18:45:01","modified_gmt":"2025-10-03T18:45:01","slug":"unisex","status":"publish","type":"product","link":"https:\/\/hautnah-vital.com\/en\/product\/unisex\/","title":{"rendered":"UNISEX"},"content":{"rendered":"<p data-start=\"55\" data-end=\"96\"><strong data-start=\"55\" data-end=\"78\">Produktbezeichnung:<\/strong><br data-start=\"78\" data-end=\"81\" \/>UNISEX \u2013 50 ml (0,05 l)<\/p>\n<p data-start=\"98\" data-end=\"186\"><strong data-start=\"98\" data-end=\"108\">Preis:<\/strong><br data-start=\"108\" data-end=\"111\" \/>84,00 \u20ac (inkl. 19% MwSt. zzgl.Versandkosten)<br data-start=\"153\" data-end=\"156\" \/>Grundpreis: 1.680,00 \u20ac pro Liter<\/p>\n<p data-start=\"188\" data-end=\"210\"><strong data-start=\"188\" data-end=\"198\">Menge:<\/strong><br data-start=\"198\" data-end=\"201\" \/>1 St\u00fcck<\/p>\n<p data-start=\"212\" data-end=\"668\"><strong data-start=\"212\" data-end=\"236\">Produktbeschreibung:<\/strong><br data-start=\"236\" data-end=\"239\" \/><strong data-start=\"239\" data-end=\"249\">UNISEX<\/strong> ist eine vielseitige Pflegeformel, die sowohl f\u00fcr M\u00e4nner als auch f\u00fcr Frauen geeignet ist. Dieses hochwertige Serum bietet eine intensive Feuchtigkeitsversorgung und unterst\u00fctzt die Haut bei der Regeneration. Mit einer perfekten Mischung aus <strong data-start=\"492\" data-end=\"509\">Hyalurons\u00e4ure<\/strong>, <strong data-start=\"511\" data-end=\"555\">Butyrospermum Parkii Butter (Sheabutter)<\/strong> und <strong data-start=\"560\" data-end=\"571\">Squalan<\/strong> sorgt es f\u00fcr eine geschmeidige, weiche Haut und st\u00e4rkt gleichzeitig die nat\u00fcrliche Hautbarriere.<\/p>\n<p data-start=\"670\" data-end=\"967\">Die pflegenden Inhaltsstoffe wie <strong data-start=\"703\" data-end=\"723\">Pentylene Glycol<\/strong>, <strong data-start=\"725\" data-end=\"737\">Glycerin<\/strong> und <strong data-start=\"742\" data-end=\"757\">Ceramide NP<\/strong> beruhigen die Haut, verbessern die Elastizit\u00e4t und helfen, das Hautbild zu verfeinern. Das Serum zieht schnell ein, ohne fettige R\u00fcckst\u00e4nde zu hinterlassen, und hinterl\u00e4sst die Haut erfrischt und hydratisiert.<\/p>\n<p data-start=\"969\" data-end=\"989\"><strong data-start=\"969\" data-end=\"987\">Hauptmerkmale:<\/strong><\/p>\n<ul data-start=\"991\" data-end=\"1293\">\n<li data-start=\"991\" data-end=\"1043\">Intensive Feuchtigkeitspflege f\u00fcr alle Hauttypen<\/li>\n<li data-start=\"1044\" data-end=\"1107\">Verbessert die Hautelastizit\u00e4t und sch\u00fctzt die Hautbarriere<\/li>\n<li data-start=\"1108\" data-end=\"1187\">Mit beruhigenden Inhaltsstoffen wie Butyrospermum Parkii Butter und Squalan<\/li>\n<li data-start=\"1188\" data-end=\"1251\">Zieht schnell ein und hinterl\u00e4sst keine fettigen R\u00fcckst\u00e4nde<\/li>\n<li data-start=\"1252\" data-end=\"1293\">Ideal f\u00fcr eine ausgewogene Hautpflege<\/li>\n<\/ul>\n<p data-start=\"1295\" data-end=\"1321\"><strong data-start=\"1295\" data-end=\"1319\">Geeignete Hauttypen:<\/strong><\/p>\n<ul data-start=\"1323\" data-end=\"1376\">\n<li data-start=\"1323\" data-end=\"1341\">Alle Hauttypen<\/li>\n<li data-start=\"1342\" data-end=\"1376\">F\u00fcr empfindliche Haut geeignet<\/li>\n<\/ul>\n<p data-start=\"1378\" data-end=\"1393\"><strong data-start=\"1378\" data-end=\"1391\">Vorteile:<\/strong><\/p>\n<ul data-start=\"1395\" data-end=\"1613\">\n<li data-start=\"1395\" data-end=\"1447\">Versorgt die Haut tiefenwirksam mit Feuchtigkeit<\/li>\n<li data-start=\"1448\" data-end=\"1499\">F\u00f6rdert eine glatte und elastische Hautstruktur<\/li>\n<li data-start=\"1500\" data-end=\"1549\">Unterst\u00fctzt die Regeneration der Hautbarriere<\/li>\n<li data-start=\"1550\" data-end=\"1613\">Zieht schnell ein, ohne einen fettigen Film zu hinterlassen<\/li>\n<\/ul>\n<p data-start=\"1615\" data-end=\"1737\"><strong data-start=\"1615\" data-end=\"1629\">Anwendung:<\/strong><br data-start=\"1629\" data-end=\"1632\" \/>Morgens und abends auf gereinigte Haut auftragen und sanft einmassieren, um die Feuchtigkeit zu binden.<\/p>\n<p data-start=\"1739\" data-end=\"1981\"><strong data-start=\"1739\" data-end=\"1757\">Inhaltsstoffe:<\/strong><br data-start=\"1757\" data-end=\"1760\" \/>Aqua, Caprylic\/Capric Triglyceride, Glycerin, Hydrogenated Phosphatidylcholine, Pentylene Glycol, Butyrospermum Parkii Butter, Squalane, Caprylyl Glycol, Decylene Glycol, Sodium Hyaluronate, Sodium Carbomer, Ceramide NP<\/p>\n<p data-start=\"1983\" data-end=\"2029\"><strong data-start=\"1983\" data-end=\"1999\">Haltbarkeit:<\/strong><br data-start=\"1999\" data-end=\"2002\" \/>6 Monate nach dem \u00d6ffnen.<\/p>\n<p data-start=\"2031\" data-end=\"2134\"><strong data-start=\"2031\" data-end=\"2046\">Hersteller:<\/strong><br data-start=\"2046\" data-end=\"2049\" \/>Dr. Subburayalu<br data-start=\"2064\" data-end=\"2067\" \/>Moritz-von-Nassau-Str. 19e<br data-start=\"2093\" data-end=\"2096\" \/>46446 Emmerich am Rhein, Deutschland<\/p>\n<p data-start=\"2136\" data-end=\"2231\"><strong data-start=\"2136\" data-end=\"2151\">Lieferzeit:<\/strong><br data-start=\"2151\" data-end=\"2154\" \/>Die Lieferung erfolgt innerhalb von 3 bis 5 Werktagen nach Zahlungseingang.<\/p>\n<p data-start=\"2233\" data-end=\"2257\"><strong data-start=\"2233\" data-end=\"2255\">Wichtige Hinweise:<\/strong><\/p>\n<ul data-start=\"2259\" data-end=\"2476\">\n<li data-start=\"2259\" data-end=\"2322\">Nur zur \u00e4u\u00dferen Anwendung. Kontakt mit den Augen vermeiden.<\/li>\n<li data-start=\"2323\" data-end=\"2377\">Nicht auf gereizter oder verletzter Haut anwenden.<\/li>\n<li data-start=\"2378\" data-end=\"2448\">K\u00fchl und trocken lagern. Vor direkter Sonneneinstrahlung sch\u00fctzen.<\/li>\n<li data-start=\"2449\" data-end=\"2476\">Von Kindern fernhalten.<\/li>\n<\/ul>","protected":false},"excerpt":{"rendered":"<p>Dieses hochwertige Serum bietet eine intensive Feuchtigkeitsversorgung und unterst\u00fctzt die Haut bei der Regeneration.<\/p>","protected":false},"featured_media":43159,"comment_status":"open","ping_status":"closed","template":"","meta":{"_acf_changed":false},"product_brand":[176],"product_cat":[102,72,82,73],"product_tag":[94,95,108,128],"class_list":{"0":"post-41978","1":"product","2":"type-product","3":"status-publish","4":"has-post-thumbnail","6":"product_brand-dr-subburayalu","7":"product_cat-alle-hauttypen","8":"product_cat-empfindliche-haut","9":"product_cat-face","10":"product_cat-hautpflege","11":"product_tag-face","12":"product_tag-gesicht","13":"product_tag-haut","14":"product_tag-unisex","16":"first","17":"instock","18":"taxable","19":"shipping-taxable","20":"purchasable","21":"product-type-simple"},"acf":[],"yoast_head":"<!-- This site is optimized with the Yoast SEO plugin v27.0 - https:\/\/yoast.com\/product\/yoast-seo-wordpress\/ -->\n<title>UNISEX - HV HautnahVital<\/title>\n<meta name=\"robots\" content=\"index, follow, max-snippet:-1, max-image-preview:large, max-video-preview:-1\" \/>\n<link rel=\"canonical\" href=\"https:\/\/hautnah-vital.com\/en\/product\/unisex\/\" \/>\n<meta property=\"og:locale\" content=\"en_GB\" \/>\n<meta property=\"og:type\" content=\"article\" \/>\n<meta property=\"og:title\" content=\"UNISEX - HV HautnahVital\" \/>\n<meta property=\"og:description\" content=\"Dieses hochwertige Serum bietet eine intensive Feuchtigkeitsversorgung und unterst\u00fctzt die Haut bei der Regeneration.\" \/>\n<meta property=\"og:url\" content=\"https:\/\/hautnah-vital.com\/en\/product\/unisex\/\" \/>\n<meta property=\"og:site_name\" content=\"HV HautnahVital\" \/>\n<meta property=\"article:modified_time\" content=\"2025-10-03T18:45:01+00:00\" \/>\n<meta property=\"og:image\" content=\"https:\/\/hautnah-vital.com\/wp-content\/uploads\/2024\/12\/unixex.jpg\" \/>\n\t<meta property=\"og:image:width\" content=\"1600\" \/>\n\t<meta property=\"og:image:height\" content=\"1600\" \/>\n\t<meta property=\"og:image:type\" content=\"image\/jpeg\" \/>\n<meta name=\"twitter:card\" content=\"summary_large_image\" \/>\n<meta name=\"twitter:label1\" content=\"Estimated reading time\" \/>\n\t<meta name=\"twitter:data1\" content=\"2 minutes\" \/>\n<script type=\"application\/ld+json\" class=\"yoast-schema-graph\">{\"@context\":\"https:\/\/schema.org\",\"@graph\":[{\"@type\":\"WebPage\",\"@id\":\"https:\/\/hautnah-vital.com\/product\/unisex\/\",\"url\":\"https:\/\/hautnah-vital.com\/product\/unisex\/\",\"name\":\"UNISEX - HV HautnahVital\",\"isPartOf\":{\"@id\":\"https:\/\/hautnah-vital.com\/#website\"},\"primaryImageOfPage\":{\"@id\":\"https:\/\/hautnah-vital.com\/product\/unisex\/#primaryimage\"},\"image\":{\"@id\":\"https:\/\/hautnah-vital.com\/product\/unisex\/#primaryimage\"},\"thumbnailUrl\":\"https:\/\/hautnah-vital.com\/wp-content\/uploads\/2024\/12\/unixex.jpg\",\"datePublished\":\"2024-12-02T14:12:36+00:00\",\"dateModified\":\"2025-10-03T18:45:01+00:00\",\"breadcrumb\":{\"@id\":\"https:\/\/hautnah-vital.com\/product\/unisex\/#breadcrumb\"},\"inLanguage\":\"en-GB\",\"potentialAction\":[{\"@type\":\"ReadAction\",\"target\":[\"https:\/\/hautnah-vital.com\/product\/unisex\/\"]}]},{\"@type\":\"ImageObject\",\"inLanguage\":\"en-GB\",\"@id\":\"https:\/\/hautnah-vital.com\/product\/unisex\/#primaryimage\",\"url\":\"https:\/\/hautnah-vital.com\/wp-content\/uploads\/2024\/12\/unixex.jpg\",\"contentUrl\":\"https:\/\/hautnah-vital.com\/wp-content\/uploads\/2024\/12\/unixex.jpg\",\"width\":1600,\"height\":1600},{\"@type\":\"BreadcrumbList\",\"@id\":\"https:\/\/hautnah-vital.com\/product\/unisex\/#breadcrumb\",\"itemListElement\":[{\"@type\":\"ListItem\",\"position\":1,\"name\":\"Startseite\",\"item\":\"https:\/\/hautnah-vital.com\/\"},{\"@type\":\"ListItem\",\"position\":2,\"name\":\"Shop\",\"item\":\"https:\/\/hautnah-vital.com\/shop\/\"},{\"@type\":\"ListItem\",\"position\":3,\"name\":\"UNISEX\"}]},{\"@type\":\"WebSite\",\"@id\":\"https:\/\/hautnah-vital.com\/#website\",\"url\":\"https:\/\/hautnah-vital.com\/\",\"name\":\"HautnahVital - Beauty Experten\",\"description\":\"\",\"publisher\":{\"@id\":\"https:\/\/hautnah-vital.com\/#organization\"},\"potentialAction\":[{\"@type\":\"SearchAction\",\"target\":{\"@type\":\"EntryPoint\",\"urlTemplate\":\"https:\/\/hautnah-vital.com\/?s={search_term_string}\"},\"query-input\":{\"@type\":\"PropertyValueSpecification\",\"valueRequired\":true,\"valueName\":\"search_term_string\"}}],\"inLanguage\":\"en-GB\"},{\"@type\":\"Organization\",\"@id\":\"https:\/\/hautnah-vital.com\/#organization\",\"name\":\"Hautnah Vital in Emmerich am Rhein\",\"url\":\"https:\/\/hautnah-vital.com\/\",\"logo\":{\"@type\":\"ImageObject\",\"inLanguage\":\"en-GB\",\"@id\":\"https:\/\/hautnah-vital.com\/#\/schema\/logo\/image\/\",\"url\":\"https:\/\/hautnah-vital.com\/wp-content\/uploads\/2025\/04\/Unbenannt-6.jpeg\",\"contentUrl\":\"https:\/\/hautnah-vital.com\/wp-content\/uploads\/2025\/04\/Unbenannt-6.jpeg\",\"width\":500,\"height\":500,\"caption\":\"Hautnah Vital in Emmerich am Rhein\"},\"image\":{\"@id\":\"https:\/\/hautnah-vital.com\/#\/schema\/logo\/image\/\"},\"sameAs\":[\"https:\/\/www.instagram.com\/hvvital\"]}]}<\/script>\n<!-- \/ Yoast SEO plugin. -->","yoast_head_json":{"title":"UNISEX - HV HautnahVital","robots":{"index":"index","follow":"follow","max-snippet":"max-snippet:-1","max-image-preview":"max-image-preview:large","max-video-preview":"max-video-preview:-1"},"canonical":"https:\/\/hautnah-vital.com\/en\/product\/unisex\/","og_locale":"en_GB","og_type":"article","og_title":"UNISEX - HV HautnahVital","og_description":"Dieses hochwertige Serum bietet eine intensive Feuchtigkeitsversorgung und unterst\u00fctzt die Haut bei der Regeneration.","og_url":"https:\/\/hautnah-vital.com\/en\/product\/unisex\/","og_site_name":"HV HautnahVital","article_modified_time":"2025-10-03T18:45:01+00:00","og_image":[{"width":1600,"height":1600,"url":"https:\/\/hautnah-vital.com\/wp-content\/uploads\/2024\/12\/unixex.jpg","type":"image\/jpeg"}],"twitter_card":"summary_large_image","twitter_misc":{"Estimated reading time":"2 minutes"},"schema":{"@context":"https:\/\/schema.org","@graph":[{"@type":"WebPage","@id":"https:\/\/hautnah-vital.com\/product\/unisex\/","url":"https:\/\/hautnah-vital.com\/product\/unisex\/","name":"UNISEX - HV HautnahVital","isPartOf":{"@id":"https:\/\/hautnah-vital.com\/#website"},"primaryImageOfPage":{"@id":"https:\/\/hautnah-vital.com\/product\/unisex\/#primaryimage"},"image":{"@id":"https:\/\/hautnah-vital.com\/product\/unisex\/#primaryimage"},"thumbnailUrl":"https:\/\/hautnah-vital.com\/wp-content\/uploads\/2024\/12\/unixex.jpg","datePublished":"2024-12-02T14:12:36+00:00","dateModified":"2025-10-03T18:45:01+00:00","breadcrumb":{"@id":"https:\/\/hautnah-vital.com\/product\/unisex\/#breadcrumb"},"inLanguage":"en-GB","potentialAction":[{"@type":"ReadAction","target":["https:\/\/hautnah-vital.com\/product\/unisex\/"]}]},{"@type":"ImageObject","inLanguage":"en-GB","@id":"https:\/\/hautnah-vital.com\/product\/unisex\/#primaryimage","url":"https:\/\/hautnah-vital.com\/wp-content\/uploads\/2024\/12\/unixex.jpg","contentUrl":"https:\/\/hautnah-vital.com\/wp-content\/uploads\/2024\/12\/unixex.jpg","width":1600,"height":1600},{"@type":"BreadcrumbList","@id":"https:\/\/hautnah-vital.com\/product\/unisex\/#breadcrumb","itemListElement":[{"@type":"ListItem","position":1,"name":"Startseite","item":"https:\/\/hautnah-vital.com\/"},{"@type":"ListItem","position":2,"name":"Shop","item":"https:\/\/hautnah-vital.com\/shop\/"},{"@type":"ListItem","position":3,"name":"UNISEX"}]},{"@type":"WebSite","@id":"https:\/\/hautnah-vital.com\/#website","url":"https:\/\/hautnah-vital.com\/","name":"HautnahVital - Beauty Experten","description":"","publisher":{"@id":"https:\/\/hautnah-vital.com\/#organization"},"potentialAction":[{"@type":"SearchAction","target":{"@type":"EntryPoint","urlTemplate":"https:\/\/hautnah-vital.com\/?s={search_term_string}"},"query-input":{"@type":"PropertyValueSpecification","valueRequired":true,"valueName":"search_term_string"}}],"inLanguage":"en-GB"},{"@type":"Organization","@id":"https:\/\/hautnah-vital.com\/#organization","name":"Hautnah Vital in Emmerich am Rhein","url":"https:\/\/hautnah-vital.com\/","logo":{"@type":"ImageObject","inLanguage":"en-GB","@id":"https:\/\/hautnah-vital.com\/#\/schema\/logo\/image\/","url":"https:\/\/hautnah-vital.com\/wp-content\/uploads\/2025\/04\/Unbenannt-6.jpeg","contentUrl":"https:\/\/hautnah-vital.com\/wp-content\/uploads\/2025\/04\/Unbenannt-6.jpeg","width":500,"height":500,"caption":"Hautnah Vital in Emmerich am Rhein"},"image":{"@id":"https:\/\/hautnah-vital.com\/#\/schema\/logo\/image\/"},"sameAs":["https:\/\/www.instagram.com\/hvvital"]}]}},"_links":{"self":[{"href":"https:\/\/hautnah-vital.com\/en\/wp-json\/wp\/v2\/product\/41978","targetHints":{"allow":["GET"]}}],"collection":[{"href":"https:\/\/hautnah-vital.com\/en\/wp-json\/wp\/v2\/product"}],"about":[{"href":"https:\/\/hautnah-vital.com\/en\/wp-json\/wp\/v2\/types\/product"}],"replies":[{"embeddable":true,"href":"https:\/\/hautnah-vital.com\/en\/wp-json\/wp\/v2\/comments?post=41978"}],"version-history":[{"count":4,"href":"https:\/\/hautnah-vital.com\/en\/wp-json\/wp\/v2\/product\/41978\/revisions"}],"predecessor-version":[{"id":43568,"href":"https:\/\/hautnah-vital.com\/en\/wp-json\/wp\/v2\/product\/41978\/revisions\/43568"}],"wp:featuredmedia":[{"embeddable":true,"href":"https:\/\/hautnah-vital.com\/en\/wp-json\/wp\/v2\/media\/43159"}],"wp:attachment":[{"href":"https:\/\/hautnah-vital.com\/en\/wp-json\/wp\/v2\/media?parent=41978"}],"wp:term":[{"taxonomy":"product_brand","embeddable":true,"href":"https:\/\/hautnah-vital.com\/en\/wp-json\/wp\/v2\/product_brand?post=41978"},{"taxonomy":"product_cat","embeddable":true,"href":"https:\/\/hautnah-vital.com\/en\/wp-json\/wp\/v2\/product_cat?post=41978"},{"taxonomy":"product_tag","embeddable":true,"href":"https:\/\/hautnah-vital.com\/en\/wp-json\/wp\/v2\/product_tag?post=41978"}],"curies":[{"name":"wp","href":"https:\/\/api.w.org\/{rel}","templated":true}]}}