{"id":42380,"date":"2025-02-16T15:03:47","date_gmt":"2025-02-16T15:03:47","guid":{"rendered":"https:\/\/hautnah-vital.com\/?post_type=product&#038;p=42380"},"modified":"2025-10-14T13:26:15","modified_gmt":"2025-10-14T13:26:15","slug":"shower-shine-2-in-1-duschgel-u-shampoo","status":"publish","type":"product","link":"https:\/\/hautnah-vital.com\/en\/product\/shower-shine-2-in-1-duschgel-u-shampoo\/","title":{"rendered":"shower &#038; shine 2 in 1 duschgel u. shampoo"},"content":{"rendered":"<p data-start=\"67\" data-end=\"142\"><strong data-start=\"67\" data-end=\"90\">Produktbezeichnung:<\/strong><br data-start=\"90\" data-end=\"93\" \/>shower &amp; shine 2 in 1 Duschgel &amp; Shampoo \u2013 500 ml (0.5 l)<\/p>\n<p data-start=\"144\" data-end=\"232\"><strong data-start=\"144\" data-end=\"154\">Preis:<\/strong><br data-start=\"154\" data-end=\"157\" \/>34,00 \u20ac (inkl. 19% MwSt. zzgl. Versandkosten)<br data-start=\"199\" data-end=\"202\" \/>Grundpreis: 68,00 \u20ac pro Liter<\/p>\n<p data-start=\"234\" data-end=\"256\"><strong data-start=\"234\" data-end=\"244\">Menge:<\/strong><br data-start=\"244\" data-end=\"247\" \/>1 St\u00fcck<\/p>\n<p data-start=\"258\" data-end=\"640\"><strong data-start=\"258\" data-end=\"282\">Produktbeschreibung:<\/strong><br data-start=\"282\" data-end=\"285\" \/>Das Shower &amp; Shine 2 in 1 Duschgel &amp; Shampoo vereint sanfte Reinigung mit erfrischender Pflege f\u00fcr Haut und Haar. Die milde, aber effektive Formel entfernt Schmutz und \u00fcbersch\u00fcssiges \u00d6l, ohne auszutrocknen, und hinterl\u00e4sst ein angenehmes Frischegef\u00fchl. Ideal f\u00fcr die t\u00e4gliche Anwendung und f\u00fcr alle, die Wert auf eine unkomplizierte Pflegeroutine legen.<\/p>\n<p data-start=\"642\" data-end=\"954\">Angereichert mit pflegenden Inhaltsstoffen wie Glyceryl Oleate sorgt das Duschgel f\u00fcr geschmeidige Haut und gl\u00e4nzendes Haar. Pflanzliche Tenside reinigen sanft, w\u00e4hrend feuchtigkeitsspendende Komponenten die nat\u00fcrliche Schutzbarriere unterst\u00fctzen. Der angenehme Duft verleiht ein langanhaltendes Frischegef\u00fchl.<\/p>\n<p data-start=\"956\" data-end=\"1074\">Das Shower &amp; Shine 2 in 1 ist die perfekte Wahl f\u00fcr eine schnelle und dennoch gr\u00fcndliche Reinigung von Kopf bis Fu\u00df.<\/p>\n<p data-start=\"1076\" data-end=\"1096\"><strong data-start=\"1076\" data-end=\"1094\">Hauptmerkmale:<\/strong><\/p>\n<ul data-start=\"1098\" data-end=\"1339\">\n<li data-start=\"1098\" data-end=\"1136\">2-in-1-Formel f\u00fcr K\u00f6rper und Haare<\/li>\n<li data-start=\"1137\" data-end=\"1174\">Reinigt sanft, ohne auszutrocknen<\/li>\n<li data-start=\"1175\" data-end=\"1238\">Mit Glyceryl Oleate f\u00fcr geschmeidige Haut und gesundes Haar<\/li>\n<li data-start=\"1239\" data-end=\"1299\">Erfrischender Duft f\u00fcr ein langanhaltendes Frischegef\u00fchl<\/li>\n<li data-start=\"1300\" data-end=\"1339\">F\u00fcr die t\u00e4gliche Anwendung geeignet<\/li>\n<\/ul>\n<p data-start=\"1341\" data-end=\"1377\"><strong data-start=\"1341\" data-end=\"1375\">Geeignete Haut- und Haartypen:<\/strong><\/p>\n<ul data-start=\"1379\" data-end=\"1436\">\n<li data-start=\"1379\" data-end=\"1397\">Alle Hauttypen<\/li>\n<li data-start=\"1398\" data-end=\"1436\">Normales bis leicht trockenes Haar<\/li>\n<\/ul>\n<p data-start=\"1438\" data-end=\"1453\"><strong data-start=\"1438\" data-end=\"1451\">Vorteile:<\/strong><\/p>\n<ul data-start=\"1455\" data-end=\"1609\">\n<li data-start=\"1455\" data-end=\"1509\">Praktische 2-in-1-L\u00f6sung f\u00fcr Dusche und Haarw\u00e4sche<\/li>\n<li data-start=\"1510\" data-end=\"1555\">Reinigt gr\u00fcndlich und pflegt gleichzeitig<\/li>\n<li data-start=\"1556\" data-end=\"1609\">Hinterl\u00e4sst Haut und Haare erfrischt und gepflegt<\/li>\n<\/ul>\n<p data-start=\"1611\" data-end=\"1741\"><strong data-start=\"1611\" data-end=\"1625\">Anwendung:<\/strong><br data-start=\"1625\" data-end=\"1628\" \/>Auf die feuchte Haut und das Haar auftragen, sanft einmassieren und anschlie\u00dfend gr\u00fcndlich mit Wasser absp\u00fclen.<\/p>\n<p data-start=\"1743\" data-end=\"2038\"><strong data-start=\"1743\" data-end=\"1761\">Inhaltsstoffe:<\/strong><br data-start=\"1761\" data-end=\"1764\" \/>Aqua, Sodium Lauryl Sulfate, Coco-Betaine, Sodium Chloride, Coco-Glucoside, Benzyl Alcohol, Glyceryl Oleate, Parfum, Sodium Benzoate, Citric Acid, Potassium Sorbate, Dehydroacetic Acid, Limonene, Linalool, Citronellol, Tocopherol, Hydrogenated Vegetable Glycerides Citrate<\/p>\n<p data-start=\"2040\" data-end=\"2086\"><strong data-start=\"2040\" data-end=\"2056\">Haltbarkeit:<\/strong><br data-start=\"2056\" data-end=\"2059\" \/>6 Monate nach dem \u00d6ffnen.<\/p>\n<p data-start=\"2088\" data-end=\"2191\"><strong data-start=\"2088\" data-end=\"2103\">Hersteller:<\/strong><br data-start=\"2103\" data-end=\"2106\" \/>Dr. Subburayalu<br data-start=\"2121\" data-end=\"2124\" \/>Moritz-von-Nassau-Str. 19e<br data-start=\"2150\" data-end=\"2153\" \/>46446 Emmerich am Rhein, Deutschland<\/p>\n<p data-start=\"2193\" data-end=\"2288\"><strong data-start=\"2193\" data-end=\"2208\">Lieferzeit:<\/strong><br data-start=\"2208\" data-end=\"2211\" \/>Die Lieferung erfolgt innerhalb von 3 bis 5 Werktagen nach Zahlungseingang.<\/p>\n<p data-start=\"2290\" data-end=\"2314\"><strong data-start=\"2290\" data-end=\"2312\">Wichtige Hinweise:<\/strong><\/p>\n<ul data-start=\"2316\" data-end=\"2567\">\n<li data-start=\"2316\" data-end=\"2413\">Nur zur \u00e4u\u00dferen Anwendung. Kontakt mit den Augen vermeiden. Bei Kontakt mit Wasser aussp\u00fclen.<\/li>\n<li data-start=\"2414\" data-end=\"2468\">Nicht auf gereizter oder verletzter Haut anwenden.<\/li>\n<li data-start=\"2469\" data-end=\"2539\">K\u00fchl und trocken lagern. Vor direkter Sonneneinstrahlung sch\u00fctzen.<\/li>\n<li data-start=\"2540\" data-end=\"2567\">Von Kindern fernhalten.<\/li>\n<\/ul>","protected":false},"excerpt":{"rendered":"<p>Das Shower &amp; Shine 2 in 1 Duschgel &amp; Shampoo vereint sanfte Reinigung mit erfrischender Pflege f\u00fcr Haut und Haar.<\/p>","protected":false},"featured_media":43103,"comment_status":"open","ping_status":"closed","template":"","meta":{"_acf_changed":false},"product_brand":[176],"product_cat":[102,65,82,73],"product_tag":[147,156,94,95,98,69,108,117,157],"class_list":{"0":"post-42380","1":"product","2":"type-product","3":"status-publish","4":"has-post-thumbnail","6":"product_brand-dr-subburayalu","7":"product_cat-alle-hauttypen","8":"product_cat-body","9":"product_cat-face","10":"product_cat-hautpflege","11":"product_tag-body","12":"product_tag-duschgel","13":"product_tag-face","14":"product_tag-gesicht","15":"product_tag-haare","16":"product_tag-hair","17":"product_tag-haut","18":"product_tag-shine","19":"product_tag-shower","21":"first","22":"instock","23":"taxable","24":"shipping-taxable","25":"purchasable","26":"product-type-simple"},"acf":[],"yoast_head":"<!-- This site is optimized with the Yoast SEO plugin v27.0 - https:\/\/yoast.com\/product\/yoast-seo-wordpress\/ -->\n<title>shower &amp; shine 2 in 1 duschgel u. shampoo - HV HautnahVital<\/title>\n<meta name=\"robots\" content=\"index, follow, max-snippet:-1, max-image-preview:large, max-video-preview:-1\" \/>\n<link rel=\"canonical\" href=\"https:\/\/hautnah-vital.com\/en\/product\/shower-shine-2-in-1-duschgel-u-shampoo\/\" \/>\n<meta property=\"og:locale\" content=\"en_GB\" \/>\n<meta property=\"og:type\" content=\"article\" \/>\n<meta property=\"og:title\" content=\"shower &amp; shine 2 in 1 duschgel u. shampoo - HV HautnahVital\" \/>\n<meta property=\"og:description\" content=\"Das Shower &amp; Shine 2 in 1 Duschgel &amp; Shampoo vereint sanfte Reinigung mit erfrischender Pflege f\u00fcr Haut und Haar.\" \/>\n<meta property=\"og:url\" content=\"https:\/\/hautnah-vital.com\/en\/product\/shower-shine-2-in-1-duschgel-u-shampoo\/\" \/>\n<meta property=\"og:site_name\" content=\"HV HautnahVital\" \/>\n<meta property=\"article:modified_time\" content=\"2025-10-14T13:26:15+00:00\" \/>\n<meta property=\"og:image\" content=\"https:\/\/hautnah-vital.com\/wp-content\/uploads\/2025\/02\/shower-shine-2-in-1.jpg\" \/>\n\t<meta property=\"og:image:width\" content=\"1600\" \/>\n\t<meta property=\"og:image:height\" content=\"1600\" \/>\n\t<meta property=\"og:image:type\" content=\"image\/jpeg\" \/>\n<meta name=\"twitter:card\" content=\"summary_large_image\" \/>\n<meta name=\"twitter:label1\" content=\"Estimated reading time\" \/>\n\t<meta name=\"twitter:data1\" content=\"2 minutes\" \/>\n<script type=\"application\/ld+json\" class=\"yoast-schema-graph\">{\"@context\":\"https:\/\/schema.org\",\"@graph\":[{\"@type\":\"WebPage\",\"@id\":\"https:\/\/hautnah-vital.com\/product\/shower-shine-2-in-1-duschgel-u-shampoo\/\",\"url\":\"https:\/\/hautnah-vital.com\/product\/shower-shine-2-in-1-duschgel-u-shampoo\/\",\"name\":\"shower & shine 2 in 1 duschgel u. shampoo - HV HautnahVital\",\"isPartOf\":{\"@id\":\"https:\/\/hautnah-vital.com\/#website\"},\"primaryImageOfPage\":{\"@id\":\"https:\/\/hautnah-vital.com\/product\/shower-shine-2-in-1-duschgel-u-shampoo\/#primaryimage\"},\"image\":{\"@id\":\"https:\/\/hautnah-vital.com\/product\/shower-shine-2-in-1-duschgel-u-shampoo\/#primaryimage\"},\"thumbnailUrl\":\"https:\/\/hautnah-vital.com\/wp-content\/uploads\/2025\/02\/shower-shine-2-in-1.jpg\",\"datePublished\":\"2025-02-16T15:03:47+00:00\",\"dateModified\":\"2025-10-14T13:26:15+00:00\",\"breadcrumb\":{\"@id\":\"https:\/\/hautnah-vital.com\/product\/shower-shine-2-in-1-duschgel-u-shampoo\/#breadcrumb\"},\"inLanguage\":\"en-GB\",\"potentialAction\":[{\"@type\":\"ReadAction\",\"target\":[\"https:\/\/hautnah-vital.com\/product\/shower-shine-2-in-1-duschgel-u-shampoo\/\"]}]},{\"@type\":\"ImageObject\",\"inLanguage\":\"en-GB\",\"@id\":\"https:\/\/hautnah-vital.com\/product\/shower-shine-2-in-1-duschgel-u-shampoo\/#primaryimage\",\"url\":\"https:\/\/hautnah-vital.com\/wp-content\/uploads\/2025\/02\/shower-shine-2-in-1.jpg\",\"contentUrl\":\"https:\/\/hautnah-vital.com\/wp-content\/uploads\/2025\/02\/shower-shine-2-in-1.jpg\",\"width\":1600,\"height\":1600},{\"@type\":\"BreadcrumbList\",\"@id\":\"https:\/\/hautnah-vital.com\/product\/shower-shine-2-in-1-duschgel-u-shampoo\/#breadcrumb\",\"itemListElement\":[{\"@type\":\"ListItem\",\"position\":1,\"name\":\"Startseite\",\"item\":\"https:\/\/hautnah-vital.com\/\"},{\"@type\":\"ListItem\",\"position\":2,\"name\":\"Shop\",\"item\":\"https:\/\/hautnah-vital.com\/shop\/\"},{\"@type\":\"ListItem\",\"position\":3,\"name\":\"shower &#038; shine 2 in 1 duschgel u. shampoo\"}]},{\"@type\":\"WebSite\",\"@id\":\"https:\/\/hautnah-vital.com\/#website\",\"url\":\"https:\/\/hautnah-vital.com\/\",\"name\":\"HautnahVital - Beauty Experten\",\"description\":\"\",\"publisher\":{\"@id\":\"https:\/\/hautnah-vital.com\/#organization\"},\"potentialAction\":[{\"@type\":\"SearchAction\",\"target\":{\"@type\":\"EntryPoint\",\"urlTemplate\":\"https:\/\/hautnah-vital.com\/?s={search_term_string}\"},\"query-input\":{\"@type\":\"PropertyValueSpecification\",\"valueRequired\":true,\"valueName\":\"search_term_string\"}}],\"inLanguage\":\"en-GB\"},{\"@type\":\"Organization\",\"@id\":\"https:\/\/hautnah-vital.com\/#organization\",\"name\":\"Hautnah Vital in Emmerich am Rhein\",\"url\":\"https:\/\/hautnah-vital.com\/\",\"logo\":{\"@type\":\"ImageObject\",\"inLanguage\":\"en-GB\",\"@id\":\"https:\/\/hautnah-vital.com\/#\/schema\/logo\/image\/\",\"url\":\"https:\/\/hautnah-vital.com\/wp-content\/uploads\/2025\/04\/Unbenannt-6.jpeg\",\"contentUrl\":\"https:\/\/hautnah-vital.com\/wp-content\/uploads\/2025\/04\/Unbenannt-6.jpeg\",\"width\":500,\"height\":500,\"caption\":\"Hautnah Vital in Emmerich am Rhein\"},\"image\":{\"@id\":\"https:\/\/hautnah-vital.com\/#\/schema\/logo\/image\/\"},\"sameAs\":[\"https:\/\/www.instagram.com\/hvvital\"]}]}<\/script>\n<!-- \/ Yoast SEO plugin. -->","yoast_head_json":{"title":"shower & shine 2 in 1 duschgel u. shampoo - HV HautnahVital","robots":{"index":"index","follow":"follow","max-snippet":"max-snippet:-1","max-image-preview":"max-image-preview:large","max-video-preview":"max-video-preview:-1"},"canonical":"https:\/\/hautnah-vital.com\/en\/product\/shower-shine-2-in-1-duschgel-u-shampoo\/","og_locale":"en_GB","og_type":"article","og_title":"shower & shine 2 in 1 duschgel u. shampoo - HV HautnahVital","og_description":"Das Shower &amp; Shine 2 in 1 Duschgel &amp; Shampoo vereint sanfte Reinigung mit erfrischender Pflege f\u00fcr Haut und Haar.","og_url":"https:\/\/hautnah-vital.com\/en\/product\/shower-shine-2-in-1-duschgel-u-shampoo\/","og_site_name":"HV HautnahVital","article_modified_time":"2025-10-14T13:26:15+00:00","og_image":[{"width":1600,"height":1600,"url":"https:\/\/hautnah-vital.com\/wp-content\/uploads\/2025\/02\/shower-shine-2-in-1.jpg","type":"image\/jpeg"}],"twitter_card":"summary_large_image","twitter_misc":{"Estimated reading time":"2 minutes"},"schema":{"@context":"https:\/\/schema.org","@graph":[{"@type":"WebPage","@id":"https:\/\/hautnah-vital.com\/product\/shower-shine-2-in-1-duschgel-u-shampoo\/","url":"https:\/\/hautnah-vital.com\/product\/shower-shine-2-in-1-duschgel-u-shampoo\/","name":"shower & shine 2 in 1 duschgel u. shampoo - HV HautnahVital","isPartOf":{"@id":"https:\/\/hautnah-vital.com\/#website"},"primaryImageOfPage":{"@id":"https:\/\/hautnah-vital.com\/product\/shower-shine-2-in-1-duschgel-u-shampoo\/#primaryimage"},"image":{"@id":"https:\/\/hautnah-vital.com\/product\/shower-shine-2-in-1-duschgel-u-shampoo\/#primaryimage"},"thumbnailUrl":"https:\/\/hautnah-vital.com\/wp-content\/uploads\/2025\/02\/shower-shine-2-in-1.jpg","datePublished":"2025-02-16T15:03:47+00:00","dateModified":"2025-10-14T13:26:15+00:00","breadcrumb":{"@id":"https:\/\/hautnah-vital.com\/product\/shower-shine-2-in-1-duschgel-u-shampoo\/#breadcrumb"},"inLanguage":"en-GB","potentialAction":[{"@type":"ReadAction","target":["https:\/\/hautnah-vital.com\/product\/shower-shine-2-in-1-duschgel-u-shampoo\/"]}]},{"@type":"ImageObject","inLanguage":"en-GB","@id":"https:\/\/hautnah-vital.com\/product\/shower-shine-2-in-1-duschgel-u-shampoo\/#primaryimage","url":"https:\/\/hautnah-vital.com\/wp-content\/uploads\/2025\/02\/shower-shine-2-in-1.jpg","contentUrl":"https:\/\/hautnah-vital.com\/wp-content\/uploads\/2025\/02\/shower-shine-2-in-1.jpg","width":1600,"height":1600},{"@type":"BreadcrumbList","@id":"https:\/\/hautnah-vital.com\/product\/shower-shine-2-in-1-duschgel-u-shampoo\/#breadcrumb","itemListElement":[{"@type":"ListItem","position":1,"name":"Startseite","item":"https:\/\/hautnah-vital.com\/"},{"@type":"ListItem","position":2,"name":"Shop","item":"https:\/\/hautnah-vital.com\/shop\/"},{"@type":"ListItem","position":3,"name":"shower &#038; shine 2 in 1 duschgel u. shampoo"}]},{"@type":"WebSite","@id":"https:\/\/hautnah-vital.com\/#website","url":"https:\/\/hautnah-vital.com\/","name":"HautnahVital - Beauty Experten","description":"","publisher":{"@id":"https:\/\/hautnah-vital.com\/#organization"},"potentialAction":[{"@type":"SearchAction","target":{"@type":"EntryPoint","urlTemplate":"https:\/\/hautnah-vital.com\/?s={search_term_string}"},"query-input":{"@type":"PropertyValueSpecification","valueRequired":true,"valueName":"search_term_string"}}],"inLanguage":"en-GB"},{"@type":"Organization","@id":"https:\/\/hautnah-vital.com\/#organization","name":"Hautnah Vital in Emmerich am Rhein","url":"https:\/\/hautnah-vital.com\/","logo":{"@type":"ImageObject","inLanguage":"en-GB","@id":"https:\/\/hautnah-vital.com\/#\/schema\/logo\/image\/","url":"https:\/\/hautnah-vital.com\/wp-content\/uploads\/2025\/04\/Unbenannt-6.jpeg","contentUrl":"https:\/\/hautnah-vital.com\/wp-content\/uploads\/2025\/04\/Unbenannt-6.jpeg","width":500,"height":500,"caption":"Hautnah Vital in Emmerich am Rhein"},"image":{"@id":"https:\/\/hautnah-vital.com\/#\/schema\/logo\/image\/"},"sameAs":["https:\/\/www.instagram.com\/hvvital"]}]}},"_links":{"self":[{"href":"https:\/\/hautnah-vital.com\/en\/wp-json\/wp\/v2\/product\/42380","targetHints":{"allow":["GET"]}}],"collection":[{"href":"https:\/\/hautnah-vital.com\/en\/wp-json\/wp\/v2\/product"}],"about":[{"href":"https:\/\/hautnah-vital.com\/en\/wp-json\/wp\/v2\/types\/product"}],"replies":[{"embeddable":true,"href":"https:\/\/hautnah-vital.com\/en\/wp-json\/wp\/v2\/comments?post=42380"}],"version-history":[{"count":4,"href":"https:\/\/hautnah-vital.com\/en\/wp-json\/wp\/v2\/product\/42380\/revisions"}],"predecessor-version":[{"id":43554,"href":"https:\/\/hautnah-vital.com\/en\/wp-json\/wp\/v2\/product\/42380\/revisions\/43554"}],"wp:featuredmedia":[{"embeddable":true,"href":"https:\/\/hautnah-vital.com\/en\/wp-json\/wp\/v2\/media\/43103"}],"wp:attachment":[{"href":"https:\/\/hautnah-vital.com\/en\/wp-json\/wp\/v2\/media?parent=42380"}],"wp:term":[{"taxonomy":"product_brand","embeddable":true,"href":"https:\/\/hautnah-vital.com\/en\/wp-json\/wp\/v2\/product_brand?post=42380"},{"taxonomy":"product_cat","embeddable":true,"href":"https:\/\/hautnah-vital.com\/en\/wp-json\/wp\/v2\/product_cat?post=42380"},{"taxonomy":"product_tag","embeddable":true,"href":"https:\/\/hautnah-vital.com\/en\/wp-json\/wp\/v2\/product_tag?post=42380"}],"curies":[{"name":"wp","href":"https:\/\/api.w.org\/{rel}","templated":true}]}}